{"id":1311,"date":"2020-05-04T18:24:15","date_gmt":"2020-05-04T17:24:15","guid":{"rendered":"https:\/\/eventonova.com\/wedding-minister\/"},"modified":"2025-07-25T10:26:57","modified_gmt":"2025-07-25T09:26:57","slug":"officiant-de-mariages-andalousie","status":"publish","type":"page","link":"https:\/\/eventonova.com\/fr\/officiant-de-mariages-andalousie\/","title":{"rendered":"Officiant de mariages"},"content":{"rendered":"<p>Un officiant de mariages la\u00efques en fran\u00e7ais, espagnol, anglais, portuguais, alleman, su\u00e9dois, italian ou russe.<\/p>\n<p>S&rsquo;il vous pla\u00eet, completez le formulair ci-dessous, pour verifier la disponibilit\u00e9.<\/p>\n<p><img loading=\"lazy\" decoding=\"async\" class=\"alignnone size-medium wp-image-553\" src=\"https:\/\/eventonova.com\/wp-content\/uploads\/2017\/07\/Little-wedding-blessing-ceremony-in-Mijas-Malaga-Spain-20-300x200.jpg\" alt=\"Little-wedding-blessing-ceremony-in-Mijas-Malaga-Spain\" width=\"300\" height=\"200\" srcset=\"https:\/\/eventonova.com\/wp-content\/uploads\/2017\/07\/Little-wedding-blessing-ceremony-in-Mijas-Malaga-Spain-20-300x200.jpg 300w, https:\/\/eventonova.com\/wp-content\/uploads\/2017\/07\/Little-wedding-blessing-ceremony-in-Mijas-Malaga-Spain-20-768x512.jpg 768w, https:\/\/eventonova.com\/wp-content\/uploads\/2017\/07\/Little-wedding-blessing-ceremony-in-Mijas-Malaga-Spain-20-1024x683.jpg 1024w, https:\/\/eventonova.com\/wp-content\/uploads\/2017\/07\/Little-wedding-blessing-ceremony-in-Mijas-Malaga-Spain-20-750x500.jpg 750w, https:\/\/eventonova.com\/wp-content\/uploads\/2017\/07\/Little-wedding-blessing-ceremony-in-Mijas-Malaga-Spain-20-570x380.jpg 570w\" sizes=\"auto, (max-width: 300px) 100vw, 300px\" \/><img loading=\"lazy\" decoding=\"async\" class=\"alignnone size-medium wp-image-472\" src=\"https:\/\/eventonova.com\/wp-content\/uploads\/2017\/07\/Little-Weddings-in-Marbella-Malaga-F03-300x200.jpg\" alt=\"Little Weddings in Sotogrande Tarifa Mijas Marbella Malaga\" width=\"300\" height=\"200\" srcset=\"https:\/\/eventonova.com\/wp-content\/uploads\/2017\/07\/Little-Weddings-in-Marbella-Malaga-F03-300x200.jpg 300w, https:\/\/eventonova.com\/wp-content\/uploads\/2017\/07\/Little-Weddings-in-Marbella-Malaga-F03-768x512.jpg 768w, https:\/\/eventonova.com\/wp-content\/uploads\/2017\/07\/Little-Weddings-in-Marbella-Malaga-F03-1024x683.jpg 1024w, https:\/\/eventonova.com\/wp-content\/uploads\/2017\/07\/Little-Weddings-in-Marbella-Malaga-F03-750x500.jpg 750w, https:\/\/eventonova.com\/wp-content\/uploads\/2017\/07\/Little-Weddings-in-Marbella-Malaga-F03-570x380.jpg 570w\" sizes=\"auto, (max-width: 300px) 100vw, 300px\" \/><\/p>\n<div class=\"wpforms-container wpforms-container-full\" id=\"wpforms-1309\"><form id=\"wpforms-form-1309\" class=\"wpforms-validate wpforms-form\" data-formid=\"1309\" method=\"post\" enctype=\"multipart\/form-data\" action=\"\/fr\/wp-json\/wp\/v2\/pages\/1311\" data-token=\"f22c22d32fc64a6db608bd1c6517e656\" data-token-time=\"1776500616\"><noscript class=\"wpforms-error-noscript\">Veuillez activer JavaScript dans votre navigateur pour remplir ce formulaire.<\/noscript><div class=\"wpforms-field-container\"><div id=\"wpforms-1309-field_0-container\" class=\"wpforms-field wpforms-field-name\" data-field-id=\"0\"><label class=\"wpforms-field-label\">Name <span class=\"wpforms-required-label\">*<\/span><\/label><div class=\"wpforms-field-row wpforms-field-medium\"><div class=\"wpforms-field-row-block wpforms-first wpforms-one-half\"><input type=\"text\" id=\"wpforms-1309-field_0\" class=\"wpforms-field-name-first wpforms-field-required\" name=\"wpforms[fields][0][first]\" required><label for=\"wpforms-1309-field_0\" class=\"wpforms-field-sublabel after\">Pr\u00e9nom<\/label><\/div><div class=\"wpforms-field-row-block wpforms-one-half\"><input type=\"text\" id=\"wpforms-1309-field_0-last\" class=\"wpforms-field-name-last wpforms-field-required\" name=\"wpforms[fields][0][last]\" required><label for=\"wpforms-1309-field_0-last\" class=\"wpforms-field-sublabel after\">Nom<\/label><\/div><\/div><\/div><div id=\"wpforms-1309-field_3-container\" class=\"wpforms-field wpforms-field-text\" data-field-id=\"3\"><label class=\"wpforms-field-label\" for=\"wpforms-1309-field_3\">Wedding date <span class=\"wpforms-required-label\">*<\/span><\/label><input type=\"text\" id=\"wpforms-1309-field_3\" class=\"wpforms-field-medium wpforms-field-required\" name=\"wpforms[fields][3]\" required><\/div><div id=\"wpforms-1309-field_4-container\" class=\"wpforms-field wpforms-field-text\" data-field-id=\"4\"><label class=\"wpforms-field-label\" for=\"wpforms-1309-field_4\">Place of the ceremony <span class=\"wpforms-required-label\">*<\/span><\/label><input type=\"text\" id=\"wpforms-1309-field_4\" class=\"wpforms-field-medium wpforms-field-required\" name=\"wpforms[fields][4]\" required><div class=\"wpforms-field-description\">Name of the venue<\/div><\/div><div id=\"wpforms-1309-field_6-container\" class=\"wpforms-field wpforms-field-text\" data-field-id=\"6\"><label class=\"wpforms-field-label\" for=\"wpforms-1309-field_6\">Time of the ceremony <span class=\"wpforms-required-label\">*<\/span><\/label><input type=\"text\" id=\"wpforms-1309-field_6\" class=\"wpforms-field-medium wpforms-field-required\" name=\"wpforms[fields][6]\" required><div class=\"wpforms-field-description\">Aproximatly<\/div><\/div><div id=\"wpforms-1309-field_8-container\" class=\"wpforms-field wpforms-field-text\" data-field-id=\"8\"><label class=\"wpforms-field-label\" for=\"wpforms-1309-field_8\">Language of the ceremony <span class=\"wpforms-required-label\">*<\/span><\/label><input type=\"text\" id=\"wpforms-1309-field_8\" class=\"wpforms-field-medium wpforms-field-required\" name=\"wpforms[fields][8]\" required><div class=\"wpforms-field-description\">English, French, Spanish, German, Swedish, Italian, Portuguese or Russian.<\/div><\/div><div id=\"wpforms-1309-field_1-container\" class=\"wpforms-field wpforms-field-email\" data-field-id=\"1\"><label class=\"wpforms-field-label\" for=\"wpforms-1309-field_1\">Email <span class=\"wpforms-required-label\">*<\/span><\/label><input type=\"email\" id=\"wpforms-1309-field_1\" class=\"wpforms-field-medium wpforms-field-required\" name=\"wpforms[fields][1]\" spellcheck=\"false\" required><\/div><div id=\"wpforms-1309-field_2-container\" class=\"wpforms-field wpforms-field-textarea\" data-field-id=\"2\"><label class=\"wpforms-field-label\" for=\"wpforms-1309-field_2\">Tell us something<\/label><textarea id=\"wpforms-1309-field_2\" class=\"wpforms-field-medium\" name=\"wpforms[fields][2]\" ><\/textarea><\/div><div id=\"wpforms-1309-field_5-container\" class=\"wpforms-field wpforms-field-checkbox\" data-field-id=\"5\"><label class=\"wpforms-field-label\">I agree <span class=\"wpforms-required-label\">*<\/span><\/label><ul id=\"wpforms-1309-field_5\" class=\"wpforms-field-required\"><li class=\"choice-1 depth-1\"><input type=\"checkbox\" id=\"wpforms-1309-field_5_1\" name=\"wpforms[fields][5][]\" value=\"Coch\u00e9\" required ><label class=\"wpforms-field-label-inline\" for=\"wpforms-1309-field_5_1\">1 choix<\/label><\/li><\/ul><div class=\"wpforms-field-description\">By clicking \"Submit\", you agree to our Terms and that you have read our Data Use Policy, including our Cookie Use.<\/div><\/div><\/div><!-- .wpforms-field-container --><div class=\"wpforms-field wpforms-field-hp\"><label for=\"wpforms-1309-field-hp\" class=\"wpforms-field-label\">Website<\/label><input type=\"text\" name=\"wpforms[hp]\" id=\"wpforms-1309-field-hp\" class=\"wpforms-field-medium\"><\/div><div class=\"wpforms-recaptcha-container wpforms-is-recaptcha wpforms-is-recaptcha-type-v3\" ><input type=\"hidden\" name=\"wpforms[recaptcha]\" value=\"\"><\/div><div class=\"wpforms-submit-container\" ><input type=\"hidden\" name=\"wpforms[id]\" value=\"1309\"><input type=\"hidden\" name=\"page_title\" value=\"\"><input type=\"hidden\" name=\"page_url\" value=\"https:\/\/eventonova.com\/fr\/wp-json\/wp\/v2\/pages\/1311\"><input type=\"hidden\" name=\"url_referer\" value=\"\"><button type=\"submit\" name=\"wpforms[submit]\" id=\"wpforms-submit-1309\" class=\"wpforms-submit\" data-alt-text=\"Sending...\" data-submit-text=\"Submit\" aria-live=\"assertive\" value=\"wpforms-submit\">Submit<\/button><\/div><\/form><\/div>  <!-- .wpforms-container -->\n","protected":false},"excerpt":{"rendered":"<p>Un officiant de mariages la\u00efques en fran\u00e7ais, espagnol, anglais, portuguais, alleman, su\u00e9dois, italian ou russe. S&rsquo;il vous pla\u00eet, completez le formulair ci-dessous, pour verifier la disponibilit\u00e9.<\/p>\n","protected":false},"author":1,"featured_media":0,"parent":0,"menu_order":0,"comment_status":"closed","ping_status":"closed","template":"","meta":{"footnotes":""},"class_list":["post-1311","page","type-page","status-publish","hentry"],"yoast_head":"<!-- This site is optimized with the Yoast SEO plugin v24.9 - https:\/\/yoast.com\/wordpress\/plugins\/seo\/ -->\n<title>Officiant de mariages -<\/title>\n<meta name=\"description\" content=\"Officiant de mariages, c\u00e9lebrant de c\u00e9r\u00e9monies la\u00efques \u00e0 Malaga, Cadix, Tarifa, Grenade, Cordou, Marbella, Sotogrande, Conil, Seville.\" \/>\n<meta name=\"robots\" content=\"index, follow, max-snippet:-1, max-image-preview:large, max-video-preview:-1\" \/>\n<link rel=\"canonical\" href=\"https:\/\/eventonova.com\/fr\/officiant-de-mariages-andalousie\/\" \/>\n<meta property=\"og:locale\" content=\"fr_FR\" \/>\n<meta property=\"og:type\" content=\"article\" \/>\n<meta property=\"og:title\" content=\"Officiant de mariages -\" \/>\n<meta property=\"og:description\" content=\"Officiant de mariages, c\u00e9lebrant de c\u00e9r\u00e9monies la\u00efques \u00e0 Malaga, Cadix, Tarifa, Grenade, Cordou, Marbella, Sotogrande, Conil, Seville.\" \/>\n<meta property=\"og:url\" content=\"https:\/\/eventonova.com\/fr\/officiant-de-mariages-andalousie\/\" \/>\n<meta property=\"og:site_name\" content=\"Weddings in Malaga and the Costa del Sol.\" \/>\n<meta property=\"article:publisher\" content=\"https:\/\/www.facebook.com\/Eventonova\/\" \/>\n<meta property=\"article:modified_time\" content=\"2025-07-25T09:26:57+00:00\" \/>\n<meta property=\"og:image\" content=\"https:\/\/eventonova.com\/wp-content\/uploads\/2017\/07\/Little-wedding-blessing-ceremony-in-Mijas-Malaga-Spain-20-1024x683.jpg\" \/>\n\t<meta property=\"og:image:width\" content=\"1024\" \/>\n\t<meta property=\"og:image:height\" content=\"683\" \/>\n\t<meta property=\"og:image:type\" content=\"image\/jpeg\" \/>\n<meta name=\"twitter:card\" content=\"summary_large_image\" \/>\n<meta name=\"twitter:label1\" content=\"Dur\u00e9e de lecture estim\u00e9e\" \/>\n\t<meta name=\"twitter:data1\" content=\"1 minute\" \/>\n<script type=\"application\/ld+json\" class=\"yoast-schema-graph\">{\"@context\":\"https:\/\/schema.org\",\"@graph\":[{\"@type\":\"WebPage\",\"@id\":\"https:\/\/eventonova.com\/fr\/officiant-de-mariages-andalousie\/\",\"url\":\"https:\/\/eventonova.com\/fr\/officiant-de-mariages-andalousie\/\",\"name\":\"Officiant de mariages -\",\"isPartOf\":{\"@id\":\"https:\/\/eventonova.com\/fr\/#website\"},\"primaryImageOfPage\":{\"@id\":\"https:\/\/eventonova.com\/fr\/officiant-de-mariages-andalousie\/#primaryimage\"},\"image\":{\"@id\":\"https:\/\/eventonova.com\/fr\/officiant-de-mariages-andalousie\/#primaryimage\"},\"thumbnailUrl\":\"https:\/\/eventonova.com\/wp-content\/uploads\/2017\/07\/Little-wedding-blessing-ceremony-in-Mijas-Malaga-Spain-20-300x200.jpg\",\"datePublished\":\"2020-05-04T17:24:15+00:00\",\"dateModified\":\"2025-07-25T09:26:57+00:00\",\"description\":\"Officiant de mariages, c\u00e9lebrant de c\u00e9r\u00e9monies la\u00efques \u00e0 Malaga, Cadix, Tarifa, Grenade, Cordou, Marbella, Sotogrande, Conil, Seville.\",\"breadcrumb\":{\"@id\":\"https:\/\/eventonova.com\/fr\/officiant-de-mariages-andalousie\/#breadcrumb\"},\"inLanguage\":\"fr-FR\",\"potentialAction\":[{\"@type\":\"ReadAction\",\"target\":[\"https:\/\/eventonova.com\/fr\/officiant-de-mariages-andalousie\/\"]}]},{\"@type\":\"ImageObject\",\"inLanguage\":\"fr-FR\",\"@id\":\"https:\/\/eventonova.com\/fr\/officiant-de-mariages-andalousie\/#primaryimage\",\"url\":\"https:\/\/eventonova.com\/wp-content\/uploads\/2017\/07\/Little-wedding-blessing-ceremony-in-Mijas-Malaga-Spain-20-300x200.jpg\",\"contentUrl\":\"https:\/\/eventonova.com\/wp-content\/uploads\/2017\/07\/Little-wedding-blessing-ceremony-in-Mijas-Malaga-Spain-20-300x200.jpg\"},{\"@type\":\"BreadcrumbList\",\"@id\":\"https:\/\/eventonova.com\/fr\/officiant-de-mariages-andalousie\/#breadcrumb\",\"itemListElement\":[{\"@type\":\"ListItem\",\"position\":1,\"name\":\"Portada\",\"item\":\"https:\/\/eventonova.com\/fr\/\"},{\"@type\":\"ListItem\",\"position\":2,\"name\":\"Officiant de mariages\"}]},{\"@type\":\"WebSite\",\"@id\":\"https:\/\/eventonova.com\/fr\/#website\",\"url\":\"https:\/\/eventonova.com\/fr\/\",\"name\":\"Bodas en Marbella, M\u00e1laga, Costa del Sol.\",\"description\":\"A wedding place in Andalucia\",\"publisher\":{\"@id\":\"https:\/\/eventonova.com\/fr\/#organization\"},\"potentialAction\":[{\"@type\":\"SearchAction\",\"target\":{\"@type\":\"EntryPoint\",\"urlTemplate\":\"https:\/\/eventonova.com\/fr\/?s={search_term_string}\"},\"query-input\":{\"@type\":\"PropertyValueSpecification\",\"valueRequired\":true,\"valueName\":\"search_term_string\"}}],\"inLanguage\":\"fr-FR\"},{\"@type\":\"Organization\",\"@id\":\"https:\/\/eventonova.com\/fr\/#organization\",\"name\":\"Eventonova Weddings Malaga\",\"url\":\"https:\/\/eventonova.com\/fr\/\",\"logo\":{\"@type\":\"ImageObject\",\"inLanguage\":\"fr-FR\",\"@id\":\"https:\/\/eventonova.com\/fr\/#\/schema\/logo\/image\/\",\"url\":\"https:\/\/eventonova.com\/wp-content\/uploads\/2019\/01\/Eventonova_Logo_1.jpg\",\"contentUrl\":\"https:\/\/eventonova.com\/wp-content\/uploads\/2019\/01\/Eventonova_Logo_1.jpg\",\"width\":349,\"height\":128,\"caption\":\"Eventonova Weddings Malaga\"},\"image\":{\"@id\":\"https:\/\/eventonova.com\/fr\/#\/schema\/logo\/image\/\"},\"sameAs\":[\"https:\/\/www.facebook.com\/Eventonova\/\",\"https:\/\/www.instagram.com\/eventonova_weddings\/\"]}]}<\/script>\n<!-- \/ Yoast SEO plugin. -->","yoast_head_json":{"title":"Officiant de mariages -","description":"Officiant de mariages, c\u00e9lebrant de c\u00e9r\u00e9monies la\u00efques \u00e0 Malaga, Cadix, Tarifa, Grenade, Cordou, Marbella, Sotogrande, Conil, Seville.","robots":{"index":"index","follow":"follow","max-snippet":"max-snippet:-1","max-image-preview":"max-image-preview:large","max-video-preview":"max-video-preview:-1"},"canonical":"https:\/\/eventonova.com\/fr\/officiant-de-mariages-andalousie\/","og_locale":"fr_FR","og_type":"article","og_title":"Officiant de mariages -","og_description":"Officiant de mariages, c\u00e9lebrant de c\u00e9r\u00e9monies la\u00efques \u00e0 Malaga, Cadix, Tarifa, Grenade, Cordou, Marbella, Sotogrande, Conil, Seville.","og_url":"https:\/\/eventonova.com\/fr\/officiant-de-mariages-andalousie\/","og_site_name":"Weddings in Malaga and the Costa del Sol.","article_publisher":"https:\/\/www.facebook.com\/Eventonova\/","article_modified_time":"2025-07-25T09:26:57+00:00","og_image":[{"width":1024,"height":683,"url":"https:\/\/eventonova.com\/wp-content\/uploads\/2017\/07\/Little-wedding-blessing-ceremony-in-Mijas-Malaga-Spain-20-1024x683.jpg","type":"image\/jpeg"}],"twitter_card":"summary_large_image","twitter_misc":{"Dur\u00e9e de lecture estim\u00e9e":"1 minute"},"schema":{"@context":"https:\/\/schema.org","@graph":[{"@type":"WebPage","@id":"https:\/\/eventonova.com\/fr\/officiant-de-mariages-andalousie\/","url":"https:\/\/eventonova.com\/fr\/officiant-de-mariages-andalousie\/","name":"Officiant de mariages -","isPartOf":{"@id":"https:\/\/eventonova.com\/fr\/#website"},"primaryImageOfPage":{"@id":"https:\/\/eventonova.com\/fr\/officiant-de-mariages-andalousie\/#primaryimage"},"image":{"@id":"https:\/\/eventonova.com\/fr\/officiant-de-mariages-andalousie\/#primaryimage"},"thumbnailUrl":"https:\/\/eventonova.com\/wp-content\/uploads\/2017\/07\/Little-wedding-blessing-ceremony-in-Mijas-Malaga-Spain-20-300x200.jpg","datePublished":"2020-05-04T17:24:15+00:00","dateModified":"2025-07-25T09:26:57+00:00","description":"Officiant de mariages, c\u00e9lebrant de c\u00e9r\u00e9monies la\u00efques \u00e0 Malaga, Cadix, Tarifa, Grenade, Cordou, Marbella, Sotogrande, Conil, Seville.","breadcrumb":{"@id":"https:\/\/eventonova.com\/fr\/officiant-de-mariages-andalousie\/#breadcrumb"},"inLanguage":"fr-FR","potentialAction":[{"@type":"ReadAction","target":["https:\/\/eventonova.com\/fr\/officiant-de-mariages-andalousie\/"]}]},{"@type":"ImageObject","inLanguage":"fr-FR","@id":"https:\/\/eventonova.com\/fr\/officiant-de-mariages-andalousie\/#primaryimage","url":"https:\/\/eventonova.com\/wp-content\/uploads\/2017\/07\/Little-wedding-blessing-ceremony-in-Mijas-Malaga-Spain-20-300x200.jpg","contentUrl":"https:\/\/eventonova.com\/wp-content\/uploads\/2017\/07\/Little-wedding-blessing-ceremony-in-Mijas-Malaga-Spain-20-300x200.jpg"},{"@type":"BreadcrumbList","@id":"https:\/\/eventonova.com\/fr\/officiant-de-mariages-andalousie\/#breadcrumb","itemListElement":[{"@type":"ListItem","position":1,"name":"Portada","item":"https:\/\/eventonova.com\/fr\/"},{"@type":"ListItem","position":2,"name":"Officiant de mariages"}]},{"@type":"WebSite","@id":"https:\/\/eventonova.com\/fr\/#website","url":"https:\/\/eventonova.com\/fr\/","name":"Bodas en Marbella, M\u00e1laga, Costa del Sol.","description":"A wedding place in Andalucia","publisher":{"@id":"https:\/\/eventonova.com\/fr\/#organization"},"potentialAction":[{"@type":"SearchAction","target":{"@type":"EntryPoint","urlTemplate":"https:\/\/eventonova.com\/fr\/?s={search_term_string}"},"query-input":{"@type":"PropertyValueSpecification","valueRequired":true,"valueName":"search_term_string"}}],"inLanguage":"fr-FR"},{"@type":"Organization","@id":"https:\/\/eventonova.com\/fr\/#organization","name":"Eventonova Weddings Malaga","url":"https:\/\/eventonova.com\/fr\/","logo":{"@type":"ImageObject","inLanguage":"fr-FR","@id":"https:\/\/eventonova.com\/fr\/#\/schema\/logo\/image\/","url":"https:\/\/eventonova.com\/wp-content\/uploads\/2019\/01\/Eventonova_Logo_1.jpg","contentUrl":"https:\/\/eventonova.com\/wp-content\/uploads\/2019\/01\/Eventonova_Logo_1.jpg","width":349,"height":128,"caption":"Eventonova Weddings Malaga"},"image":{"@id":"https:\/\/eventonova.com\/fr\/#\/schema\/logo\/image\/"},"sameAs":["https:\/\/www.facebook.com\/Eventonova\/","https:\/\/www.instagram.com\/eventonova_weddings\/"]}]}},"_links":{"self":[{"href":"https:\/\/eventonova.com\/fr\/wp-json\/wp\/v2\/pages\/1311","targetHints":{"allow":["GET"]}}],"collection":[{"href":"https:\/\/eventonova.com\/fr\/wp-json\/wp\/v2\/pages"}],"about":[{"href":"https:\/\/eventonova.com\/fr\/wp-json\/wp\/v2\/types\/page"}],"author":[{"embeddable":true,"href":"https:\/\/eventonova.com\/fr\/wp-json\/wp\/v2\/users\/1"}],"replies":[{"embeddable":true,"href":"https:\/\/eventonova.com\/fr\/wp-json\/wp\/v2\/comments?post=1311"}],"version-history":[{"count":3,"href":"https:\/\/eventonova.com\/fr\/wp-json\/wp\/v2\/pages\/1311\/revisions"}],"predecessor-version":[{"id":1326,"href":"https:\/\/eventonova.com\/fr\/wp-json\/wp\/v2\/pages\/1311\/revisions\/1326"}],"wp:attachment":[{"href":"https:\/\/eventonova.com\/fr\/wp-json\/wp\/v2\/media?parent=1311"}],"curies":[{"name":"wp","href":"https:\/\/api.w.org\/{rel}","templated":true}]}}