{"id":1361,"date":"2021-05-31T16:44:47","date_gmt":"2021-05-31T15:44:47","guid":{"rendered":"https:\/\/eventonova.com\/nos-services\/"},"modified":"2021-05-31T16:44:51","modified_gmt":"2021-05-31T15:44:51","slug":"nos-services","status":"publish","type":"page","link":"https:\/\/eventonova.com\/fr\/nos-services\/","title":{"rendered":"Nos services"},"content":{"rendered":"<p>Organisation compl\u00e8te de mariage<\/p>\n<p>&nbsp;<\/p>\n<p>Coordination de mariage<\/p>\n<p>&nbsp;<\/p>\n<p>Conseils de mariage<\/p>\n<p>&nbsp;<\/p>\n<p>Conseils pour la c\u00e9r\u00e9monie<\/p>\n<p>&nbsp;<\/p>\n<p>&nbsp;<\/p>\n","protected":false},"excerpt":{"rendered":"<p>Organisation compl\u00e8te de mariage &nbsp; Coordination de mariage &nbsp; Conseils de mariage &nbsp; Conseils pour la c\u00e9r\u00e9monie &nbsp; &nbsp;<\/p>\n","protected":false},"author":1,"featured_media":1109,"parent":0,"menu_order":0,"comment_status":"closed","ping_status":"closed","template":"","meta":{"footnotes":""},"class_list":["post-1361","page","type-page","status-publish","has-post-thumbnail","hentry"],"yoast_head":"<!-- This site is optimized with the Yoast SEO plugin v24.9 - https:\/\/yoast.com\/wordpress\/plugins\/seo\/ -->\n<title>Nos services - Weddings in Malaga and the Costa del Sol.<\/title>\n<meta name=\"description\" content=\"Service de wedding planner pour l&#039;organisation compl\u00e8te de votre mariage, la gestion des fournisseurs, la localisation, la restauration, le chronom\u00e9trage pour que tout se passe \u00e0 votre guise.\" \/>\n<meta name=\"robots\" content=\"index, follow, max-snippet:-1, max-image-preview:large, max-video-preview:-1\" \/>\n<link rel=\"canonical\" href=\"https:\/\/eventonova.com\/fr\/nos-services\/\" \/>\n<meta property=\"og:locale\" content=\"fr_FR\" \/>\n<meta property=\"og:type\" content=\"article\" \/>\n<meta property=\"og:title\" content=\"Nos services - Weddings in Malaga and the Costa del Sol.\" \/>\n<meta property=\"og:description\" content=\"Service de wedding planner pour l&#039;organisation compl\u00e8te de votre mariage, la gestion des fournisseurs, la localisation, la restauration, le chronom\u00e9trage pour que tout se passe \u00e0 votre guise.\" \/>\n<meta property=\"og:url\" content=\"https:\/\/eventonova.com\/fr\/nos-services\/\" \/>\n<meta property=\"og:site_name\" content=\"Weddings in Malaga and the Costa del Sol.\" \/>\n<meta property=\"article:publisher\" content=\"https:\/\/www.facebook.com\/Eventonova\/\" \/>\n<meta property=\"article:modified_time\" content=\"2021-05-31T15:44:51+00:00\" \/>\n<meta property=\"og:image\" content=\"https:\/\/eventonova.com\/wp-content\/uploads\/2017\/07\/Little-Weddings-in-Marbella-Malaga-F04-1024x683.jpg\" \/>\n\t<meta property=\"og:image:width\" content=\"1024\" \/>\n\t<meta property=\"og:image:height\" content=\"683\" \/>\n\t<meta property=\"og:image:type\" content=\"image\/jpeg\" \/>\n<meta name=\"twitter:card\" content=\"summary_large_image\" \/>\n<script type=\"application\/ld+json\" class=\"yoast-schema-graph\">{\"@context\":\"https:\/\/schema.org\",\"@graph\":[{\"@type\":\"WebPage\",\"@id\":\"https:\/\/eventonova.com\/fr\/nos-services\/\",\"url\":\"https:\/\/eventonova.com\/fr\/nos-services\/\",\"name\":\"Nos services - Weddings in Malaga and the Costa del Sol.\",\"isPartOf\":{\"@id\":\"https:\/\/eventonova.com\/fr\/#website\"},\"primaryImageOfPage\":{\"@id\":\"https:\/\/eventonova.com\/fr\/nos-services\/#primaryimage\"},\"image\":{\"@id\":\"https:\/\/eventonova.com\/fr\/nos-services\/#primaryimage\"},\"thumbnailUrl\":\"https:\/\/eventonova.com\/wp-content\/uploads\/2017\/07\/Little-Weddings-in-Marbella-Malaga-F04.jpg\",\"datePublished\":\"2021-05-31T15:44:47+00:00\",\"dateModified\":\"2021-05-31T15:44:51+00:00\",\"description\":\"Service de wedding planner pour l'organisation compl\u00e8te de votre mariage, la gestion des fournisseurs, la localisation, la restauration, le chronom\u00e9trage pour que tout se passe \u00e0 votre guise.\",\"breadcrumb\":{\"@id\":\"https:\/\/eventonova.com\/fr\/nos-services\/#breadcrumb\"},\"inLanguage\":\"fr-FR\",\"potentialAction\":[{\"@type\":\"ReadAction\",\"target\":[\"https:\/\/eventonova.com\/fr\/nos-services\/\"]}]},{\"@type\":\"ImageObject\",\"inLanguage\":\"fr-FR\",\"@id\":\"https:\/\/eventonova.com\/fr\/nos-services\/#primaryimage\",\"url\":\"https:\/\/eventonova.com\/wp-content\/uploads\/2017\/07\/Little-Weddings-in-Marbella-Malaga-F04.jpg\",\"contentUrl\":\"https:\/\/eventonova.com\/wp-content\/uploads\/2017\/07\/Little-Weddings-in-Marbella-Malaga-F04.jpg\",\"width\":5760,\"height\":3840,\"caption\":\"Wedding planner \u00e0 Sotogrande Tarifa Mijas Marbella M\u00e1laga\"},{\"@type\":\"BreadcrumbList\",\"@id\":\"https:\/\/eventonova.com\/fr\/nos-services\/#breadcrumb\",\"itemListElement\":[{\"@type\":\"ListItem\",\"position\":1,\"name\":\"Portada\",\"item\":\"https:\/\/eventonova.com\/fr\/\"},{\"@type\":\"ListItem\",\"position\":2,\"name\":\"Nos services\"}]},{\"@type\":\"WebSite\",\"@id\":\"https:\/\/eventonova.com\/fr\/#website\",\"url\":\"https:\/\/eventonova.com\/fr\/\",\"name\":\"Bodas en Marbella, M\u00e1laga, Costa del Sol.\",\"description\":\"A wedding place in Andalucia\",\"publisher\":{\"@id\":\"https:\/\/eventonova.com\/fr\/#organization\"},\"potentialAction\":[{\"@type\":\"SearchAction\",\"target\":{\"@type\":\"EntryPoint\",\"urlTemplate\":\"https:\/\/eventonova.com\/fr\/?s={search_term_string}\"},\"query-input\":{\"@type\":\"PropertyValueSpecification\",\"valueRequired\":true,\"valueName\":\"search_term_string\"}}],\"inLanguage\":\"fr-FR\"},{\"@type\":\"Organization\",\"@id\":\"https:\/\/eventonova.com\/fr\/#organization\",\"name\":\"Eventonova Weddings Malaga\",\"url\":\"https:\/\/eventonova.com\/fr\/\",\"logo\":{\"@type\":\"ImageObject\",\"inLanguage\":\"fr-FR\",\"@id\":\"https:\/\/eventonova.com\/fr\/#\/schema\/logo\/image\/\",\"url\":\"https:\/\/eventonova.com\/wp-content\/uploads\/2019\/01\/Eventonova_Logo_1.jpg\",\"contentUrl\":\"https:\/\/eventonova.com\/wp-content\/uploads\/2019\/01\/Eventonova_Logo_1.jpg\",\"width\":349,\"height\":128,\"caption\":\"Eventonova Weddings Malaga\"},\"image\":{\"@id\":\"https:\/\/eventonova.com\/fr\/#\/schema\/logo\/image\/\"},\"sameAs\":[\"https:\/\/www.facebook.com\/Eventonova\/\",\"https:\/\/www.instagram.com\/eventonova_weddings\/\"]}]}<\/script>\n<!-- \/ Yoast SEO plugin. -->","yoast_head_json":{"title":"Nos services - Weddings in Malaga and the Costa del Sol.","description":"Service de wedding planner pour l'organisation compl\u00e8te de votre mariage, la gestion des fournisseurs, la localisation, la restauration, le chronom\u00e9trage pour que tout se passe \u00e0 votre guise.","robots":{"index":"index","follow":"follow","max-snippet":"max-snippet:-1","max-image-preview":"max-image-preview:large","max-video-preview":"max-video-preview:-1"},"canonical":"https:\/\/eventonova.com\/fr\/nos-services\/","og_locale":"fr_FR","og_type":"article","og_title":"Nos services - Weddings in Malaga and the Costa del Sol.","og_description":"Service de wedding planner pour l'organisation compl\u00e8te de votre mariage, la gestion des fournisseurs, la localisation, la restauration, le chronom\u00e9trage pour que tout se passe \u00e0 votre guise.","og_url":"https:\/\/eventonova.com\/fr\/nos-services\/","og_site_name":"Weddings in Malaga and the Costa del Sol.","article_publisher":"https:\/\/www.facebook.com\/Eventonova\/","article_modified_time":"2021-05-31T15:44:51+00:00","og_image":[{"width":1024,"height":683,"url":"https:\/\/eventonova.com\/wp-content\/uploads\/2017\/07\/Little-Weddings-in-Marbella-Malaga-F04-1024x683.jpg","type":"image\/jpeg"}],"twitter_card":"summary_large_image","schema":{"@context":"https:\/\/schema.org","@graph":[{"@type":"WebPage","@id":"https:\/\/eventonova.com\/fr\/nos-services\/","url":"https:\/\/eventonova.com\/fr\/nos-services\/","name":"Nos services - Weddings in Malaga and the Costa del Sol.","isPartOf":{"@id":"https:\/\/eventonova.com\/fr\/#website"},"primaryImageOfPage":{"@id":"https:\/\/eventonova.com\/fr\/nos-services\/#primaryimage"},"image":{"@id":"https:\/\/eventonova.com\/fr\/nos-services\/#primaryimage"},"thumbnailUrl":"https:\/\/eventonova.com\/wp-content\/uploads\/2017\/07\/Little-Weddings-in-Marbella-Malaga-F04.jpg","datePublished":"2021-05-31T15:44:47+00:00","dateModified":"2021-05-31T15:44:51+00:00","description":"Service de wedding planner pour l'organisation compl\u00e8te de votre mariage, la gestion des fournisseurs, la localisation, la restauration, le chronom\u00e9trage pour que tout se passe \u00e0 votre guise.","breadcrumb":{"@id":"https:\/\/eventonova.com\/fr\/nos-services\/#breadcrumb"},"inLanguage":"fr-FR","potentialAction":[{"@type":"ReadAction","target":["https:\/\/eventonova.com\/fr\/nos-services\/"]}]},{"@type":"ImageObject","inLanguage":"fr-FR","@id":"https:\/\/eventonova.com\/fr\/nos-services\/#primaryimage","url":"https:\/\/eventonova.com\/wp-content\/uploads\/2017\/07\/Little-Weddings-in-Marbella-Malaga-F04.jpg","contentUrl":"https:\/\/eventonova.com\/wp-content\/uploads\/2017\/07\/Little-Weddings-in-Marbella-Malaga-F04.jpg","width":5760,"height":3840,"caption":"Wedding planner \u00e0 Sotogrande Tarifa Mijas Marbella M\u00e1laga"},{"@type":"BreadcrumbList","@id":"https:\/\/eventonova.com\/fr\/nos-services\/#breadcrumb","itemListElement":[{"@type":"ListItem","position":1,"name":"Portada","item":"https:\/\/eventonova.com\/fr\/"},{"@type":"ListItem","position":2,"name":"Nos services"}]},{"@type":"WebSite","@id":"https:\/\/eventonova.com\/fr\/#website","url":"https:\/\/eventonova.com\/fr\/","name":"Bodas en Marbella, M\u00e1laga, Costa del Sol.","description":"A wedding place in Andalucia","publisher":{"@id":"https:\/\/eventonova.com\/fr\/#organization"},"potentialAction":[{"@type":"SearchAction","target":{"@type":"EntryPoint","urlTemplate":"https:\/\/eventonova.com\/fr\/?s={search_term_string}"},"query-input":{"@type":"PropertyValueSpecification","valueRequired":true,"valueName":"search_term_string"}}],"inLanguage":"fr-FR"},{"@type":"Organization","@id":"https:\/\/eventonova.com\/fr\/#organization","name":"Eventonova Weddings Malaga","url":"https:\/\/eventonova.com\/fr\/","logo":{"@type":"ImageObject","inLanguage":"fr-FR","@id":"https:\/\/eventonova.com\/fr\/#\/schema\/logo\/image\/","url":"https:\/\/eventonova.com\/wp-content\/uploads\/2019\/01\/Eventonova_Logo_1.jpg","contentUrl":"https:\/\/eventonova.com\/wp-content\/uploads\/2019\/01\/Eventonova_Logo_1.jpg","width":349,"height":128,"caption":"Eventonova Weddings Malaga"},"image":{"@id":"https:\/\/eventonova.com\/fr\/#\/schema\/logo\/image\/"},"sameAs":["https:\/\/www.facebook.com\/Eventonova\/","https:\/\/www.instagram.com\/eventonova_weddings\/"]}]}},"_links":{"self":[{"href":"https:\/\/eventonova.com\/fr\/wp-json\/wp\/v2\/pages\/1361","targetHints":{"allow":["GET"]}}],"collection":[{"href":"https:\/\/eventonova.com\/fr\/wp-json\/wp\/v2\/pages"}],"about":[{"href":"https:\/\/eventonova.com\/fr\/wp-json\/wp\/v2\/types\/page"}],"author":[{"embeddable":true,"href":"https:\/\/eventonova.com\/fr\/wp-json\/wp\/v2\/users\/1"}],"replies":[{"embeddable":true,"href":"https:\/\/eventonova.com\/fr\/wp-json\/wp\/v2\/comments?post=1361"}],"version-history":[{"count":1,"href":"https:\/\/eventonova.com\/fr\/wp-json\/wp\/v2\/pages\/1361\/revisions"}],"predecessor-version":[{"id":1362,"href":"https:\/\/eventonova.com\/fr\/wp-json\/wp\/v2\/pages\/1361\/revisions\/1362"}],"wp:featuredmedia":[{"embeddable":true,"href":"https:\/\/eventonova.com\/fr\/wp-json\/wp\/v2\/media\/1109"}],"wp:attachment":[{"href":"https:\/\/eventonova.com\/fr\/wp-json\/wp\/v2\/media?parent=1361"}],"curies":[{"name":"wp","href":"https:\/\/api.w.org\/{rel}","templated":true}]}}