{"id":704,"date":"2020-04-28T12:05:18","date_gmt":"2020-04-28T11:05:18","guid":{"rendered":"https:\/\/eventonova.com\/plus-de-petits-mariages-a-malaga\/"},"modified":"2020-09-03T07:26:41","modified_gmt":"2020-09-03T06:26:41","slug":"plus-de-petits-mariages-a-malaga","status":"publish","type":"page","link":"https:\/\/eventonova.com\/fr\/plus-de-petits-mariages-a-malaga\/","title":{"rendered":"Mariages \u00e0 Malaga"},"content":{"rendered":"<p>Tout au long de l\u2019ann\u00e9e, de plus en plus de couples d\u00e9cident de faire quelque chose de sp\u00e9cial dans leurs vacances en Espagne ou pour un anniversaire de mariage, une demande de main ou un petit mariage intime avec des amis et la famille. Si vous pensez \u00e0 quelque chose comme \u00e7a, contactez-nous et parlons de votre id\u00e9e de c\u00e9r\u00e9monie, dates, lieux de votre pr\u00e9f\u00e9rence &#8230;<\/p>\n<p><img loading=\"lazy\" decoding=\"async\" class=\"alignnone wp-image-378 size-medium\" src=\"https:\/\/eventonova.com\/wp-content\/uploads\/2018\/08\/Hotel-Don-Pepe-Maestro-de-ceremonia-civil-F04-300x225.jpg\" alt=\"\" width=\"300\" height=\"225\" srcset=\"https:\/\/eventonova.com\/wp-content\/uploads\/2018\/08\/Hotel-Don-Pepe-Maestro-de-ceremonia-civil-F04-300x225.jpg 300w, https:\/\/eventonova.com\/wp-content\/uploads\/2018\/08\/Hotel-Don-Pepe-Maestro-de-ceremonia-civil-F04-768x576.jpg 768w, https:\/\/eventonova.com\/wp-content\/uploads\/2018\/08\/Hotel-Don-Pepe-Maestro-de-ceremonia-civil-F04-1024x768.jpg 1024w, https:\/\/eventonova.com\/wp-content\/uploads\/2018\/08\/Hotel-Don-Pepe-Maestro-de-ceremonia-civil-F04-800x600.jpg 800w\" sizes=\"auto, (max-width: 300px) 100vw, 300px\" \/> <img loading=\"lazy\" decoding=\"async\" class=\"alignnone size-medium wp-image-379\" src=\"https:\/\/eventonova.com\/wp-content\/uploads\/2018\/08\/Little-wedding-in-Marbella-300x224.jpg\" alt=\"\" width=\"300\" height=\"224\" srcset=\"https:\/\/eventonova.com\/wp-content\/uploads\/2018\/08\/Little-wedding-in-Marbella-300x224.jpg 300w, https:\/\/eventonova.com\/wp-content\/uploads\/2018\/08\/Little-wedding-in-Marbella-768x572.jpg 768w, https:\/\/eventonova.com\/wp-content\/uploads\/2018\/08\/Little-wedding-in-Marbella-1024x763.jpg 1024w, https:\/\/eventonova.com\/wp-content\/uploads\/2018\/08\/Little-wedding-in-Marbella-800x600.jpg 800w\" sizes=\"auto, (max-width: 300px) 100vw, 300px\" \/> <img loading=\"lazy\" decoding=\"async\" class=\"alignnone size-medium wp-image-376\" src=\"https:\/\/eventonova.com\/wp-content\/uploads\/2018\/08\/Hotel-Don-Pepe-Maestro-de-ceremonia-civil-F01-300x225.jpg\" alt=\"Petite et intime b\u00e9n\u00e9diction de mariage \u00e0 Marbella\" width=\"300\" height=\"225\" srcset=\"https:\/\/eventonova.com\/wp-content\/uploads\/2018\/08\/Hotel-Don-Pepe-Maestro-de-ceremonia-civil-F01-300x225.jpg 300w, https:\/\/eventonova.com\/wp-content\/uploads\/2018\/08\/Hotel-Don-Pepe-Maestro-de-ceremonia-civil-F01-768x576.jpg 768w, https:\/\/eventonova.com\/wp-content\/uploads\/2018\/08\/Hotel-Don-Pepe-Maestro-de-ceremonia-civil-F01-1024x768.jpg 1024w, https:\/\/eventonova.com\/wp-content\/uploads\/2018\/08\/Hotel-Don-Pepe-Maestro-de-ceremonia-civil-F01-800x600.jpg 800w\" sizes=\"auto, (max-width: 300px) 100vw, 300px\" \/><\/p>\n<div id='gallery-1' class='gallery galleryid-704 gallery-columns-3 gallery-size-large'><figure class='gallery-item'>\n\t\t\t<div class='gallery-icon landscape'>\n\t\t\t\t<a href='https:\/\/eventonova.com\/wp-content\/uploads\/2018\/08\/Little-and-intimate-weddings-in-Malaga-Marbella-Spain_R.jpg' data-lightbox=\"gal[704]\"><img loading=\"lazy\" decoding=\"async\" width=\"750\" height=\"421\" src=\"https:\/\/eventonova.com\/wp-content\/uploads\/2018\/08\/Little-and-intimate-weddings-in-Malaga-Marbella-Spain_R-1024x575.jpg\" class=\"attachment-large size-large\" alt=\"Petits mariages intimes \u00e0 Malaga Marbella (Espagne) _R\" srcset=\"https:\/\/eventonova.com\/wp-content\/uploads\/2018\/08\/Little-and-intimate-weddings-in-Malaga-Marbella-Spain_R-1024x575.jpg 1024w, https:\/\/eventonova.com\/wp-content\/uploads\/2018\/08\/Little-and-intimate-weddings-in-Malaga-Marbella-Spain_R-300x169.jpg 300w, https:\/\/eventonova.com\/wp-content\/uploads\/2018\/08\/Little-and-intimate-weddings-in-Malaga-Marbella-Spain_R-768x432.jpg 768w, https:\/\/eventonova.com\/wp-content\/uploads\/2018\/08\/Little-and-intimate-weddings-in-Malaga-Marbella-Spain_R.jpg 1559w\" sizes=\"auto, (max-width: 750px) 100vw, 750px\" \/><\/a>\n\t\t\t<\/div><\/figure>\n\t\t<\/div>\n\n<p><img loading=\"lazy\" decoding=\"async\" class=\"alignnone size-medium wp-image-381\" src=\"https:\/\/eventonova.com\/wp-content\/uploads\/2018\/08\/Romatic-Blessing-ceremony-for-2-people-an-elopment-wedding-in-Marbella-F04-1024x575-300x168.jpg\" alt=\"\" width=\"300\" height=\"168\" srcset=\"https:\/\/eventonova.com\/wp-content\/uploads\/2018\/08\/Romatic-Blessing-ceremony-for-2-people-an-elopment-wedding-in-Marbella-F04-1024x575-300x168.jpg 300w, https:\/\/eventonova.com\/wp-content\/uploads\/2018\/08\/Romatic-Blessing-ceremony-for-2-people-an-elopment-wedding-in-Marbella-F04-1024x575-768x431.jpg 768w, https:\/\/eventonova.com\/wp-content\/uploads\/2018\/08\/Romatic-Blessing-ceremony-for-2-people-an-elopment-wedding-in-Marbella-F04-1024x575.jpg 1024w\" sizes=\"auto, (max-width: 300px) 100vw, 300px\" \/> <img loading=\"lazy\" decoding=\"async\" class=\"alignnone size-medium wp-image-383\" src=\"https:\/\/eventonova.com\/wp-content\/uploads\/2018\/08\/Romatic-Blessing-ceremony-for-2-people-an-elopment-wedding-in-Marbella-F12-1024x575-300x168.jpg\" alt=\"\" width=\"300\" height=\"168\" srcset=\"https:\/\/eventonova.com\/wp-content\/uploads\/2018\/08\/Romatic-Blessing-ceremony-for-2-people-an-elopment-wedding-in-Marbella-F12-1024x575-300x168.jpg 300w, https:\/\/eventonova.com\/wp-content\/uploads\/2018\/08\/Romatic-Blessing-ceremony-for-2-people-an-elopment-wedding-in-Marbella-F12-1024x575-768x431.jpg 768w, https:\/\/eventonova.com\/wp-content\/uploads\/2018\/08\/Romatic-Blessing-ceremony-for-2-people-an-elopment-wedding-in-Marbella-F12-1024x575.jpg 1024w\" sizes=\"auto, (max-width: 300px) 100vw, 300px\" \/> <img loading=\"lazy\" decoding=\"async\" class=\"alignnone size-medium wp-image-382\" src=\"https:\/\/eventonova.com\/wp-content\/uploads\/2018\/08\/Romatic-Blessing-ceremony-for-2-people-an-elopment-wedding-in-Marbella-F14-1024x575-300x168.jpg\" alt=\"\" width=\"300\" height=\"168\" srcset=\"https:\/\/eventonova.com\/wp-content\/uploads\/2018\/08\/Romatic-Blessing-ceremony-for-2-people-an-elopment-wedding-in-Marbella-F14-1024x575-300x168.jpg 300w, https:\/\/eventonova.com\/wp-content\/uploads\/2018\/08\/Romatic-Blessing-ceremony-for-2-people-an-elopment-wedding-in-Marbella-F14-1024x575-768x431.jpg 768w, https:\/\/eventonova.com\/wp-content\/uploads\/2018\/08\/Romatic-Blessing-ceremony-for-2-people-an-elopment-wedding-in-Marbella-F14-1024x575.jpg 1024w\" sizes=\"auto, (max-width: 300px) 100vw, 300px\" \/><\/p>\n","protected":false},"excerpt":{"rendered":"<p>Tout au long de l\u2019ann\u00e9e, de plus en plus de couples d\u00e9cident de faire quelque chose de sp\u00e9cial dans leurs vacances en Espagne ou pour un anniversaire de mariage, une demande de main ou un petit mariage intime avec des amis et la famille. Si vous pensez \u00e0 quelque chose comme \u00e7a, contactez-nous et parlons [&hellip;]<\/p>\n","protected":false},"author":1,"featured_media":723,"parent":0,"menu_order":0,"comment_status":"closed","ping_status":"closed","template":"","meta":{"footnotes":""},"class_list":["post-704","page","type-page","status-publish","has-post-thumbnail","hentry"],"yoast_head":"<!-- This site is optimized with the Yoast SEO plugin v24.9 - https:\/\/yoast.com\/wordpress\/plugins\/seo\/ -->\n<title>Mariages \u00e0 Malaga de titre - Mariages intimes Marbella<\/title>\n<meta name=\"description\" content=\"Petits mariages \u00e0 Malaga, \u00e9vasions mariages c\u00e9r\u00e9monies, lieux de mariage en bord de mer et mariages intimes \u00e0 Malaga, Marbella, Nerja, Sotogrande, Ronda.\" \/>\n<meta name=\"robots\" content=\"index, follow, max-snippet:-1, max-image-preview:large, max-video-preview:-1\" \/>\n<link rel=\"canonical\" href=\"https:\/\/eventonova.com\/fr\/plus-de-petits-mariages-a-malaga\/\" \/>\n<meta property=\"og:locale\" content=\"fr_FR\" \/>\n<meta property=\"og:type\" content=\"article\" \/>\n<meta property=\"og:title\" content=\"Mariages \u00e0 Malaga de titre - Mariages intimes Marbella\" \/>\n<meta property=\"og:description\" content=\"Petits mariages \u00e0 Malaga, \u00e9vasions mariages c\u00e9r\u00e9monies, lieux de mariage en bord de mer et mariages intimes \u00e0 Malaga, Marbella, Nerja, Sotogrande, Ronda.\" \/>\n<meta property=\"og:url\" content=\"https:\/\/eventonova.com\/fr\/plus-de-petits-mariages-a-malaga\/\" \/>\n<meta property=\"og:site_name\" content=\"Weddings in Malaga and the Costa del Sol.\" \/>\n<meta property=\"article:publisher\" content=\"https:\/\/www.facebook.com\/Eventonova\/\" \/>\n<meta property=\"article:modified_time\" content=\"2020-09-03T06:26:41+00:00\" \/>\n<meta property=\"og:image\" content=\"https:\/\/eventonova.com\/wp-content\/uploads\/2018\/08\/Weddings-at-Mijas-Town-Elopment-marriages-in-Mijas-Malaga-F04.jpg\" \/>\n\t<meta property=\"og:image:width\" content=\"1024\" \/>\n\t<meta property=\"og:image:height\" content=\"680\" \/>\n\t<meta property=\"og:image:type\" content=\"image\/jpeg\" \/>\n<meta name=\"twitter:card\" content=\"summary_large_image\" \/>\n<script type=\"application\/ld+json\" class=\"yoast-schema-graph\">{\"@context\":\"https:\/\/schema.org\",\"@graph\":[{\"@type\":\"WebPage\",\"@id\":\"https:\/\/eventonova.com\/fr\/plus-de-petits-mariages-a-malaga\/\",\"url\":\"https:\/\/eventonova.com\/fr\/plus-de-petits-mariages-a-malaga\/\",\"name\":\"Mariages \u00e0 Malaga de titre - Mariages intimes Marbella\",\"isPartOf\":{\"@id\":\"https:\/\/eventonova.com\/fr\/#website\"},\"primaryImageOfPage\":{\"@id\":\"https:\/\/eventonova.com\/fr\/plus-de-petits-mariages-a-malaga\/#primaryimage\"},\"image\":{\"@id\":\"https:\/\/eventonova.com\/fr\/plus-de-petits-mariages-a-malaga\/#primaryimage\"},\"thumbnailUrl\":\"https:\/\/eventonova.com\/wp-content\/uploads\/2018\/08\/Weddings-at-Mijas-Town-Elopment-marriages-in-Mijas-Malaga-F04.jpg\",\"datePublished\":\"2020-04-28T11:05:18+00:00\",\"dateModified\":\"2020-09-03T06:26:41+00:00\",\"description\":\"Petits mariages \u00e0 Malaga, \u00e9vasions mariages c\u00e9r\u00e9monies, lieux de mariage en bord de mer et mariages intimes \u00e0 Malaga, Marbella, Nerja, Sotogrande, Ronda.\",\"breadcrumb\":{\"@id\":\"https:\/\/eventonova.com\/fr\/plus-de-petits-mariages-a-malaga\/#breadcrumb\"},\"inLanguage\":\"fr-FR\",\"potentialAction\":[{\"@type\":\"ReadAction\",\"target\":[\"https:\/\/eventonova.com\/fr\/plus-de-petits-mariages-a-malaga\/\"]}]},{\"@type\":\"ImageObject\",\"inLanguage\":\"fr-FR\",\"@id\":\"https:\/\/eventonova.com\/fr\/plus-de-petits-mariages-a-malaga\/#primaryimage\",\"url\":\"https:\/\/eventonova.com\/wp-content\/uploads\/2018\/08\/Weddings-at-Mijas-Town-Elopment-marriages-in-Mijas-Malaga-F04.jpg\",\"contentUrl\":\"https:\/\/eventonova.com\/wp-content\/uploads\/2018\/08\/Weddings-at-Mijas-Town-Elopment-marriages-in-Mijas-Malaga-F04.jpg\",\"width\":1024,\"height\":680,\"caption\":\"Mariages \u00e0 Mijas Town Elopment mariages \u00e0 Mijas Malaga F04\"},{\"@type\":\"BreadcrumbList\",\"@id\":\"https:\/\/eventonova.com\/fr\/plus-de-petits-mariages-a-malaga\/#breadcrumb\",\"itemListElement\":[{\"@type\":\"ListItem\",\"position\":1,\"name\":\"Portada\",\"item\":\"https:\/\/eventonova.com\/fr\/\"},{\"@type\":\"ListItem\",\"position\":2,\"name\":\"Mariages \u00e0 Malaga\"}]},{\"@type\":\"WebSite\",\"@id\":\"https:\/\/eventonova.com\/fr\/#website\",\"url\":\"https:\/\/eventonova.com\/fr\/\",\"name\":\"Bodas en Marbella, M\u00e1laga, Costa del Sol.\",\"description\":\"A wedding place in Andalucia\",\"publisher\":{\"@id\":\"https:\/\/eventonova.com\/fr\/#organization\"},\"potentialAction\":[{\"@type\":\"SearchAction\",\"target\":{\"@type\":\"EntryPoint\",\"urlTemplate\":\"https:\/\/eventonova.com\/fr\/?s={search_term_string}\"},\"query-input\":{\"@type\":\"PropertyValueSpecification\",\"valueRequired\":true,\"valueName\":\"search_term_string\"}}],\"inLanguage\":\"fr-FR\"},{\"@type\":\"Organization\",\"@id\":\"https:\/\/eventonova.com\/fr\/#organization\",\"name\":\"Eventonova Weddings Malaga\",\"url\":\"https:\/\/eventonova.com\/fr\/\",\"logo\":{\"@type\":\"ImageObject\",\"inLanguage\":\"fr-FR\",\"@id\":\"https:\/\/eventonova.com\/fr\/#\/schema\/logo\/image\/\",\"url\":\"https:\/\/eventonova.com\/wp-content\/uploads\/2019\/01\/Eventonova_Logo_1.jpg\",\"contentUrl\":\"https:\/\/eventonova.com\/wp-content\/uploads\/2019\/01\/Eventonova_Logo_1.jpg\",\"width\":349,\"height\":128,\"caption\":\"Eventonova Weddings Malaga\"},\"image\":{\"@id\":\"https:\/\/eventonova.com\/fr\/#\/schema\/logo\/image\/\"},\"sameAs\":[\"https:\/\/www.facebook.com\/Eventonova\/\",\"https:\/\/www.instagram.com\/eventonova_weddings\/\"]}]}<\/script>\n<!-- \/ Yoast SEO plugin. -->","yoast_head_json":{"title":"Mariages \u00e0 Malaga de titre - Mariages intimes Marbella","description":"Petits mariages \u00e0 Malaga, \u00e9vasions mariages c\u00e9r\u00e9monies, lieux de mariage en bord de mer et mariages intimes \u00e0 Malaga, Marbella, Nerja, Sotogrande, Ronda.","robots":{"index":"index","follow":"follow","max-snippet":"max-snippet:-1","max-image-preview":"max-image-preview:large","max-video-preview":"max-video-preview:-1"},"canonical":"https:\/\/eventonova.com\/fr\/plus-de-petits-mariages-a-malaga\/","og_locale":"fr_FR","og_type":"article","og_title":"Mariages \u00e0 Malaga de titre - Mariages intimes Marbella","og_description":"Petits mariages \u00e0 Malaga, \u00e9vasions mariages c\u00e9r\u00e9monies, lieux de mariage en bord de mer et mariages intimes \u00e0 Malaga, Marbella, Nerja, Sotogrande, Ronda.","og_url":"https:\/\/eventonova.com\/fr\/plus-de-petits-mariages-a-malaga\/","og_site_name":"Weddings in Malaga and the Costa del Sol.","article_publisher":"https:\/\/www.facebook.com\/Eventonova\/","article_modified_time":"2020-09-03T06:26:41+00:00","og_image":[{"width":1024,"height":680,"url":"https:\/\/eventonova.com\/wp-content\/uploads\/2018\/08\/Weddings-at-Mijas-Town-Elopment-marriages-in-Mijas-Malaga-F04.jpg","type":"image\/jpeg"}],"twitter_card":"summary_large_image","schema":{"@context":"https:\/\/schema.org","@graph":[{"@type":"WebPage","@id":"https:\/\/eventonova.com\/fr\/plus-de-petits-mariages-a-malaga\/","url":"https:\/\/eventonova.com\/fr\/plus-de-petits-mariages-a-malaga\/","name":"Mariages \u00e0 Malaga de titre - Mariages intimes Marbella","isPartOf":{"@id":"https:\/\/eventonova.com\/fr\/#website"},"primaryImageOfPage":{"@id":"https:\/\/eventonova.com\/fr\/plus-de-petits-mariages-a-malaga\/#primaryimage"},"image":{"@id":"https:\/\/eventonova.com\/fr\/plus-de-petits-mariages-a-malaga\/#primaryimage"},"thumbnailUrl":"https:\/\/eventonova.com\/wp-content\/uploads\/2018\/08\/Weddings-at-Mijas-Town-Elopment-marriages-in-Mijas-Malaga-F04.jpg","datePublished":"2020-04-28T11:05:18+00:00","dateModified":"2020-09-03T06:26:41+00:00","description":"Petits mariages \u00e0 Malaga, \u00e9vasions mariages c\u00e9r\u00e9monies, lieux de mariage en bord de mer et mariages intimes \u00e0 Malaga, Marbella, Nerja, Sotogrande, Ronda.","breadcrumb":{"@id":"https:\/\/eventonova.com\/fr\/plus-de-petits-mariages-a-malaga\/#breadcrumb"},"inLanguage":"fr-FR","potentialAction":[{"@type":"ReadAction","target":["https:\/\/eventonova.com\/fr\/plus-de-petits-mariages-a-malaga\/"]}]},{"@type":"ImageObject","inLanguage":"fr-FR","@id":"https:\/\/eventonova.com\/fr\/plus-de-petits-mariages-a-malaga\/#primaryimage","url":"https:\/\/eventonova.com\/wp-content\/uploads\/2018\/08\/Weddings-at-Mijas-Town-Elopment-marriages-in-Mijas-Malaga-F04.jpg","contentUrl":"https:\/\/eventonova.com\/wp-content\/uploads\/2018\/08\/Weddings-at-Mijas-Town-Elopment-marriages-in-Mijas-Malaga-F04.jpg","width":1024,"height":680,"caption":"Mariages \u00e0 Mijas Town Elopment mariages \u00e0 Mijas Malaga F04"},{"@type":"BreadcrumbList","@id":"https:\/\/eventonova.com\/fr\/plus-de-petits-mariages-a-malaga\/#breadcrumb","itemListElement":[{"@type":"ListItem","position":1,"name":"Portada","item":"https:\/\/eventonova.com\/fr\/"},{"@type":"ListItem","position":2,"name":"Mariages \u00e0 Malaga"}]},{"@type":"WebSite","@id":"https:\/\/eventonova.com\/fr\/#website","url":"https:\/\/eventonova.com\/fr\/","name":"Bodas en Marbella, M\u00e1laga, Costa del Sol.","description":"A wedding place in Andalucia","publisher":{"@id":"https:\/\/eventonova.com\/fr\/#organization"},"potentialAction":[{"@type":"SearchAction","target":{"@type":"EntryPoint","urlTemplate":"https:\/\/eventonova.com\/fr\/?s={search_term_string}"},"query-input":{"@type":"PropertyValueSpecification","valueRequired":true,"valueName":"search_term_string"}}],"inLanguage":"fr-FR"},{"@type":"Organization","@id":"https:\/\/eventonova.com\/fr\/#organization","name":"Eventonova Weddings Malaga","url":"https:\/\/eventonova.com\/fr\/","logo":{"@type":"ImageObject","inLanguage":"fr-FR","@id":"https:\/\/eventonova.com\/fr\/#\/schema\/logo\/image\/","url":"https:\/\/eventonova.com\/wp-content\/uploads\/2019\/01\/Eventonova_Logo_1.jpg","contentUrl":"https:\/\/eventonova.com\/wp-content\/uploads\/2019\/01\/Eventonova_Logo_1.jpg","width":349,"height":128,"caption":"Eventonova Weddings Malaga"},"image":{"@id":"https:\/\/eventonova.com\/fr\/#\/schema\/logo\/image\/"},"sameAs":["https:\/\/www.facebook.com\/Eventonova\/","https:\/\/www.instagram.com\/eventonova_weddings\/"]}]}},"_links":{"self":[{"href":"https:\/\/eventonova.com\/fr\/wp-json\/wp\/v2\/pages\/704","targetHints":{"allow":["GET"]}}],"collection":[{"href":"https:\/\/eventonova.com\/fr\/wp-json\/wp\/v2\/pages"}],"about":[{"href":"https:\/\/eventonova.com\/fr\/wp-json\/wp\/v2\/types\/page"}],"author":[{"embeddable":true,"href":"https:\/\/eventonova.com\/fr\/wp-json\/wp\/v2\/users\/1"}],"replies":[{"embeddable":true,"href":"https:\/\/eventonova.com\/fr\/wp-json\/wp\/v2\/comments?post=704"}],"version-history":[{"count":1,"href":"https:\/\/eventonova.com\/fr\/wp-json\/wp\/v2\/pages\/704\/revisions"}],"predecessor-version":[{"id":1340,"href":"https:\/\/eventonova.com\/fr\/wp-json\/wp\/v2\/pages\/704\/revisions\/1340"}],"wp:featuredmedia":[{"embeddable":true,"href":"https:\/\/eventonova.com\/fr\/wp-json\/wp\/v2\/media\/723"}],"wp:attachment":[{"href":"https:\/\/eventonova.com\/fr\/wp-json\/wp\/v2\/media?parent=704"}],"curies":[{"name":"wp","href":"https:\/\/api.w.org\/{rel}","templated":true}]}}